{"id":125,"date":"2020-09-28T02:51:22","date_gmt":"2020-09-28T00:51:22","guid":{"rendered":"https:\/\/www.zumkamin-hannover.de\/?page_id=125"},"modified":"2026-04-16T18:51:53","modified_gmt":"2026-04-16T16:51:53","slug":"saisonmenues","status":"publish","type":"page","link":"https:\/\/www.zumkamin-hannover.de\/?page_id=125","title":{"rendered":"Saisongrichte"},"content":{"rendered":"<div id=\"themify_builder_content-125\" data-postid=\"125\" class=\"themify_builder_content themify_builder_content-125 themify_builder\">\n\n    \t\n\t\t<!-- module_row -->\n\t\t<div  class=\"themify_builder_row module_row clearfix builder-zooming module_row_1 themify_builder_125_row module_row_125-1\">\n\t\t\t<div class=\"builder_row_cover \"><\/div>\t\t\t<div class=\"row_inner col_align_top\" >\n                            \n\t\t<div  class=\"module_column tb-column col-full first tb_125_column module_column_0 module_column_125-1-0\" >\n                                        \t\t<\/div>\n\t\t                                <\/div>\n                                <!-- \/row_inner -->\n                        <\/div>\n                        <!-- \/module_row -->\n\t\t\t\n\t\t<!-- module_row -->\n\t\t<div  class=\"themify_builder_row module_row clearfix repeat module_row_2 themify_builder_125_row module_row_125-2\">\n\t\t\t\t\t\t<div class=\"row_inner col_align_top\" >\n                            \n\t\t<div  class=\"module_column tb-column col-full first tb_125_column module_column_0 module_column_125-2-0\" >\n                                                                <div class=\"tb-column-inner\">\n                            \n\n<!-- module text -->\n<div  id=\"text-125-2-0-0\" class=\"module module-text text-125-2-0-0  repeat   hide-mobile\">\n    <!--insert-->\n    \n        <p><strong>Auf dieser Seite erfahren Sie alles bez\u00fcglich anstehender Sonderaktionen oder Saisongerichten. Wir bieten Ihnen zu jeder Jahreszeit das passende Men\u00fc.<\/strong><\/p>        <\/div>\n<!-- \/module text -->\n\n                        <\/div>\n                    \t\t<\/div>\n\t\t                                <\/div>\n                                <!-- \/row_inner -->\n                        <\/div>\n                        <!-- \/module_row -->\n\t\t\t\n\t\t<!-- module_row -->\n\t\t<div  class=\"themify_builder_row module_row clearfix repeat module_row_3 themify_builder_125_row module_row_125-3\">\n\t\t\t\t\t\t<div class=\"row_inner col_align_top\" >\n                            \n\t\t<div  class=\"module_column tb-column col-full first tb_125_column module_column_0 module_column_125-3-0\" >\n                                                                <div class=\"tb-column-inner\">\n                            \n\n    <!-- module fancy heading -->\n    <div  id=\"fancy-heading-125-3-0-0\" class=\"module module-fancy-heading fancy-heading-125-3-0-0  \">\n        <!--insert-->\n        <h2 class=\"fancy-heading themify-text-center\">\n        <span class=\"main-head\"><\/span>\n        <span class=\"sub-head\"><\/span>\n        <\/h2>\n    <\/div>\n    <!-- \/module fancy heading -->\n\n                        <\/div>\n                    \t\t<\/div>\n\t\t                                <\/div>\n                                <!-- \/row_inner -->\n                        <\/div>\n                        <!-- \/module_row -->\n\t\t\t\n\t\t<!-- module_row -->\n\t\t<div  class=\"themify_builder_row module_row clearfix repeat module_row_15 themify_builder_125_row module_row_125-15\">\n\t\t\t\t\t\t<div class=\"row_inner col_align_top\" >\n                            \n\t\t<div  class=\"module_column tb-column col-full first tb_125_column module_column_0 module_column_125-15-0\" >\n                                                                <div class=\"tb-column-inner\">\n                            \n\n<!-- module text -->\n<div  id=\"text-125-15-0-0\" class=\"module module-text text-125-15-0-0  repeat  \">\n    <!--insert-->\n    \n        <h2>Lammhaxe<\/h2>        <\/div>\n<!-- \/module text -->\n\n\n\n    <!-- module service menu -->\n    <div  id=\"service-menu-125-15-0-1\" class=\"module module-service-menu service-menu-125-15-0-1  image-center   no-highlight\">\n        <!--insert-->\n                \n        <div class=\"tb-image-content\">\n            \n                            <div class=\"tb-menu-price\">\n                    21,90\u20ac                    \n                                    <\/div>\n                        \n                            <div class=\"tb-menu-description\">\n                    auf Rosmarinrahmsauce, Karottenstangen und Kroketten.            <\/div>\n                    <\/div><!-- .tb-image-content -->\n    <\/div>\n    <!-- \/module service menu -->\n\n\n                        <\/div>\n                    \t\t<\/div>\n\t\t                                <\/div>\n                                <!-- \/row_inner -->\n                        <\/div>\n                        <!-- \/module_row -->\n\t\t\t\n\t\t<!-- module_row -->\n\t\t<div  class=\"themify_builder_row module_row clearfix repeat module_row_16 themify_builder_125_row module_row_125-16\">\n\t\t\t\t\t\t<div class=\"row_inner col_align_top\" >\n                            \n\t\t<div  class=\"module_column tb-column col-full first tb_125_column module_column_0 module_column_125-16-0\" >\n                                                                <div class=\"tb-column-inner\">\n                            \n\n<!-- module text -->\n<div  id=\"text-125-16-0-0\" class=\"module module-text text-125-16-0-0  repeat  \">\n    <!--insert-->\n    \n        <h2>Frischer Spargel<\/h2>        <\/div>\n<!-- \/module text -->\n\n\n\n    <!-- module service menu -->\n    <div  id=\"service-menu-125-16-0-1\" class=\"module module-service-menu service-menu-125-16-0-1  image-center   no-highlight\">\n        <!--insert-->\n                \n        <div class=\"tb-image-content\">\n                            <h4 class=\"tb-menu-title\">Spargelcremesuppe<\/h4>\n            \n                            <div class=\"tb-menu-price\">\n                    7,90\u20ac                    \n                                    <\/div>\n                        \n                            <div class=\"tb-menu-description\">\n                    mit Spargeleinlage.            <\/div>\n                    <\/div><!-- .tb-image-content -->\n    <\/div>\n    <!-- \/module service menu -->\n\n\n\n\n    <!-- module service menu -->\n    <div  id=\"service-menu-125-16-0-2\" class=\"module module-service-menu service-menu-125-16-0-2  image-center   no-highlight\">\n        <!--insert-->\n                \n        <div class=\"tb-image-content\">\n                            <h4 class=\"tb-menu-title\">Spargelauflauf<\/h4>\n            \n                            <div class=\"tb-menu-price\">\n                    21,90\u20ac                    \n                                    <\/div>\n                        \n                            <div class=\"tb-menu-description\">\n                    mit Gem\u00fcse, Champignons, Kartoffeln und K\u00e4se \u00fcberbacken.            <\/div>\n                    <\/div><!-- .tb-image-content -->\n    <\/div>\n    <!-- \/module service menu -->\n\n\n\n\n    <!-- module service menu -->\n    <div  id=\"service-menu-125-16-0-3\" class=\"module module-service-menu service-menu-125-16-0-3  image-center   no-highlight\">\n        <!--insert-->\n                \n        <div class=\"tb-image-content\">\n                            <h4 class=\"tb-menu-title\">Frischer Spargel<\/h4>\n            \n                            <div class=\"tb-menu-price\">\n                    28,90\u20ac                    \n                                    <\/div>\n                        \n                            <div class=\"tb-menu-description\">\n                    mit Serrano Schinken.            <\/div>\n                    <\/div><!-- .tb-image-content -->\n    <\/div>\n    <!-- \/module service menu -->\n\n\n\n\n    <!-- module service menu -->\n    <div  id=\"service-menu-125-16-0-4\" class=\"module module-service-menu service-menu-125-16-0-4  image-center   no-highlight\">\n        <!--insert-->\n                \n        <div class=\"tb-image-content\">\n                            <h4 class=\"tb-menu-title\">Frischer Spargel<\/h4>\n            \n                            <div class=\"tb-menu-price\">\n                    28,90\u20ac                    \n                                    <\/div>\n                        \n                            <div class=\"tb-menu-description\">\n                    mit Schweineschnitzel.            <\/div>\n                    <\/div><!-- .tb-image-content -->\n    <\/div>\n    <!-- \/module service menu -->\n\n\n\n\n    <!-- module service menu -->\n    <div  id=\"service-menu-125-16-0-5\" class=\"module module-service-menu service-menu-125-16-0-5  image-center   no-highlight\">\n        <!--insert-->\n                \n        <div class=\"tb-image-content\">\n                            <h4 class=\"tb-menu-title\">Frischer Spargel<\/h4>\n            \n                            <div class=\"tb-menu-price\">\n                    29,90\u20ac                    \n                                    <\/div>\n                        \n                            <div class=\"tb-menu-description\">\n                    mit gebratenen Zanderfilet.            <\/div>\n                    <\/div><!-- .tb-image-content -->\n    <\/div>\n    <!-- \/module service menu -->\n\n\n\n\n    <!-- module service menu -->\n    <div  id=\"service-menu-125-16-0-6\" class=\"module module-service-menu service-menu-125-16-0-6  image-center   no-highlight\">\n        <!--insert-->\n                \n        <div class=\"tb-image-content\">\n                            <h4 class=\"tb-menu-title\">Frischer Spargel<\/h4>\n            \n                            <div class=\"tb-menu-price\">\n                    32,90\u20ac                    \n                                    <\/div>\n                        \n                            <div class=\"tb-menu-description\">\n                    mit Entrecote.            <\/div>\n                    <\/div><!-- .tb-image-content -->\n    <\/div>\n    <!-- \/module service menu -->\n\n\n\n\n    <!-- module service menu -->\n    <div  id=\"service-menu-125-16-0-7\" class=\"module module-service-menu service-menu-125-16-0-7  image-center   no-highlight\">\n        <!--insert-->\n                \n        <div class=\"tb-image-content\">\n            \n                        \n                            <div class=\"tb-menu-description\">\n                    Zu dem frischen Spargel reichen wir Ihnen Salzkartoffeln mit zerlassener Butter oder Sauce Hollandaise.            <\/div>\n                    <\/div><!-- .tb-image-content -->\n    <\/div>\n    <!-- \/module service menu -->\n\n\n                        <\/div>\n                    \t\t<\/div>\n\t\t                                <\/div>\n                                <!-- \/row_inner -->\n                        <\/div>\n                        <!-- \/module_row -->\n\t\t\t\n\t\t<!-- module_row -->\n\t\t<div  class=\"themify_builder_row module_row clearfix repeat module_row_22 themify_builder_125_row module_row_125-22\">\n\t\t\t\t\t\t<div class=\"row_inner col_align_middle\"   data-basecol=\"3\" data-col_tablet=\"tablet-full\">\n                            \n\t\t<div  class=\"module_column tb-column col3-1 first tb_125_column module_column_0 module_column_125-22-0\" >\n                                        \t\t<\/div>\n\t\t\n\t\t<div  class=\"module_column tb-column col3-1 middle tb_125_column module_column_1 module_column_125-22-1\" >\n                                                                <div class=\"tb-column-inner\">\n                            \n\n<!-- module text -->\n<div  id=\"text-125-22-1-0\" class=\"module module-text text-125-22-1-0  repeat  \">\n    <!--insert-->\n    \n        <p style=\"text-align: center;\">\u00a9 Zum Kamin Hannover 2026<\/p>        <\/div>\n<!-- \/module text -->\n\n\n\n<!-- module text -->\n<div  id=\"text-125-22-1-1\" class=\"module module-text text-125-22-1-1  repeat  \">\n    <!--insert-->\n    \n        <p style=\"text-align: center;\"><a href=\"https:\/\/www.zumkamin-hannover.de\/?page_id=149\">Impressum<\/a><\/p>        <\/div>\n<!-- \/module text -->\n\n                        <\/div>\n                    \t\t<\/div>\n\t\t\n\t\t<div  class=\"module_column tb-column col3-1 last tb_125_column module_column_2 module_column_125-22-2\" >\n                                        \t\t<\/div>\n\t\t                                <\/div>\n                                <!-- \/row_inner -->\n                        <\/div>\n                        <!-- \/module_row -->\n\t\t<\/div>\n","protected":false},"excerpt":{"rendered":"<p>Auf dieser Seite erfahren Sie alles bez\u00fcglich anstehender Sonderaktionen oder Saisongerichten. Wir bieten Ihnen zu jeder Jahreszeit das passende Men\u00fc. Pfifferlinge Die Pfifferlings Saison hat begonnen ! Pfifferlings Rahmsuppe 7,90\u20ac Gebratene Pfifferlinge 28,90\u20ac mit Speck &#038; Zwiebeln auf R\u00fchrei, dazu gebuttertes Bauernbrot. Pfifferlinge 28,90\u20ac in Rahm mit Bandnudeln. Paniertes Schweineschnitzel 33,90\u20ac mit Pfifferlingen in Rahm, [&hellip;]<\/p>\n","protected":false},"author":1,"featured_media":0,"parent":0,"menu_order":0,"comment_status":"closed","ping_status":"closed","template":"","meta":{"footnotes":""},"class_list":["post-125","page","type-page","status-publish","hentry","has-post-title","has-post-date","has-post-category","has-post-tag","has-post-comment","has-post-author",""],"_links":{"self":[{"href":"https:\/\/www.zumkamin-hannover.de\/index.php?rest_route=\/wp\/v2\/pages\/125","targetHints":{"allow":["GET"]}}],"collection":[{"href":"https:\/\/www.zumkamin-hannover.de\/index.php?rest_route=\/wp\/v2\/pages"}],"about":[{"href":"https:\/\/www.zumkamin-hannover.de\/index.php?rest_route=\/wp\/v2\/types\/page"}],"author":[{"embeddable":true,"href":"https:\/\/www.zumkamin-hannover.de\/index.php?rest_route=\/wp\/v2\/users\/1"}],"replies":[{"embeddable":true,"href":"https:\/\/www.zumkamin-hannover.de\/index.php?rest_route=%2Fwp%2Fv2%2Fcomments&post=125"}],"version-history":[{"count":194,"href":"https:\/\/www.zumkamin-hannover.de\/index.php?rest_route=\/wp\/v2\/pages\/125\/revisions"}],"predecessor-version":[{"id":816,"href":"https:\/\/www.zumkamin-hannover.de\/index.php?rest_route=\/wp\/v2\/pages\/125\/revisions\/816"}],"wp:attachment":[{"href":"https:\/\/www.zumkamin-hannover.de\/index.php?rest_route=%2Fwp%2Fv2%2Fmedia&parent=125"}],"curies":[{"name":"wp","href":"https:\/\/api.w.org\/{rel}","templated":true}]}}