{"id":2,"date":"2020-09-27T01:04:42","date_gmt":"2020-09-26T23:04:42","guid":{"rendered":"https:\/\/www.zumkamin-hannover.de\/?page_id=2"},"modified":"2026-03-10T02:56:50","modified_gmt":"2026-03-10T01:56:50","slug":"beispiel-seite","status":"publish","type":"page","link":"https:\/\/www.zumkamin-hannover.de\/","title":{"rendered":"Home"},"content":{"rendered":"<div id=\"themify_builder_content-2\" data-postid=\"2\" class=\"themify_builder_content themify_builder_content-2 themify_builder\">\n\n    \t\n\t\t<!-- module_row -->\n\t\t<div  class=\"themify_builder_row module_row clearfix Nav repeat fullwidth module_row_0 themify_builder_2_row module_row_2-0\">\n\t\t\t\t\t\t<div class=\"row_inner col_align_top gutter-none\"   data-basecol=\"1\" data-col_tablet=\"tablet-full\" data-col_mobile=\"mobile-full\">\n                            \n\t\t<div  class=\"module_column tb-column col-full first tb_2_column module_column_0 module_column_2-0-0 repeat\" >\n                                                                <div class=\"tb-column-inner\">\n                            \n\n\n    <!-- module menu -->\n    <div  id=\"menu-2-0-0-0\" class=\"module module-menu menu-2-0-0-0  \">\n        <!--insert-->\n        \n        <div class=\"menu-main-menu-container\"><ul id=\"menu-main-menu\" class=\"ui nav fullwidth transparent \"><li id=\"menu-item-60\" class=\"menu-item menu-item-type-custom menu-item-object-custom menu-item-60\"><a href=\"#home\">Startseite<\/a><\/li>\n<li id=\"menu-item-64\" class=\"menu-item menu-item-type-custom menu-item-object-custom menu-item-64\"><a href=\"#about\">\u00dcber uns<\/a><\/li>\n<li id=\"menu-item-66\" class=\"menu-item menu-item-type-custom menu-item-object-custom menu-item-66\"><a href=\"#saison\">Saisongerichte<\/a><\/li>\n<li id=\"menu-item-62\" class=\"menu-item menu-item-type-custom menu-item-object-custom menu-item-62\"><a href=\"#menu\">Speisekarte<\/a><\/li>\n<li id=\"menu-item-67\" class=\"menu-item menu-item-type-custom menu-item-object-custom menu-item-67\"><a href=\"#reservieren\">Reservierung<\/a><\/li>\n<li id=\"menu-item-178\" class=\"menu-item menu-item-type-custom menu-item-object-custom menu-item-178\"><a href=\"#anfahrt\">Anfahrt<\/a><\/li>\n<li id=\"menu-item-170\" class=\"menu-item menu-item-type-custom menu-item-object-custom menu-item-170\"><a href=\"https:\/\/www.zumkamin-hannover.de\/?page_id=149\">Impressum<\/a><\/li>\n<\/ul><\/div>    <\/div>\n    <!-- \/module menu -->\n\n                        <\/div>\n                    \t\t<\/div>\n\t\t                                <\/div>\n                                <!-- \/row_inner -->\n                        <\/div>\n                        <!-- \/module_row -->\n\t\t\t\n\t\t<!-- module_row -->\n\t\t<div  data-anchor=\"home\" class=\"themify_builder_row module_row clearfix fullcover tb_section-home module_row_1 themify_builder_2_row module_row_2-1\">\n\t\t\t<div class=\"builder_row_cover \"><\/div>\t\t\t<div class=\"row_inner col_align_top\" >\n                            \n\t\t<div  class=\"module_column tb-column col-full first tb_2_column module_column_0 module_column_2-1-0\" >\n                                                                <div class=\"tb-column-inner\">\n                            \n\n<!-- module text -->\n<div  id=\"text-2-1-0-0\" class=\"module module-text text-2-1-0-0  repeat  wow zoomIn \">\n    <!--insert-->\n    \n        <p>Zum Kamin Hannover<\/p>        <\/div>\n<!-- \/module text -->\n\n\n\n<!-- module text -->\n<div  id=\"text-2-1-0-1\" class=\"module module-text text-2-1-0-1  repeat  wow slideInDown \">\n    <!--insert-->\n    \n        <p>Arnswaldstra\u00dfe 27, 30159 Hannover<\/p>        <\/div>\n<!-- \/module text -->\n\n\n\n<!-- module text -->\n<div  id=\"text-2-1-0-2\" class=\"module module-text text-2-1-0-2  repeat  wow slideInLeft \">\n    <!--insert-->\n    \n        <p>0511 \/ 320426<\/p>        <\/div>\n<!-- \/module text -->\n\n\n\n<!-- module text -->\n<div  id=\"text-2-1-0-4\" class=\"module module-text text-2-1-0-4  repeat  wow slideInRight \">\n    <!--insert-->\n    \n        <p>\u00d6ffnungszeiten:<\/p>\n<p>Montags &#8211; Freitags ab 16.00 ( April &#8211; September )<\/p>\n<p>Montags &#8211; Samstags ab 16.00 ( Oktober &#8211; M\u00e4rz )<\/p>\n<p>Sonn- und Feiertags geschlossen.<\/p>        <\/div>\n<!-- \/module text -->\n\n\n\n    <!-- module buttons -->\n    <div  id=\"buttons-2-1-0-5\" class=\"module module-buttons buttons-2-1-0-5   wow slideInUp\">\n        <!--insert-->\n        \n        <div class=\"module-buttons normal outline squared\">\n                            <div class=\"module-buttons-item  buttons-horizontal\">\n\t\t\t\t\t<a href=\"#about\" class=\"ui builder_button yellow\" ><span>START<\/span><\/a>                <\/div>\n                    <\/div>\n    <\/div>\n    <!-- \/module buttons -->\n\n                        <\/div>\n                    \t\t<\/div>\n\t\t                                <\/div>\n                                <!-- \/row_inner -->\n                        <\/div>\n                        <!-- \/module_row -->\n\t\t\t\n\t\t<!-- module_row -->\n\t\t<div  data-anchor=\"about\" class=\"themify_builder_row module_row clearfix repeat tb_section-about module_row_2 themify_builder_2_row module_row_2-2\">\n\t\t\t\t\t\t<div class=\"row_inner col_align_top\" >\n                            \n\t\t<div  class=\"module_column tb-column col-full first tb_2_column module_column_0 module_column_2-2-0 repeat\" >\n                                                                <div class=\"tb-column-inner\">\n                            \n\n    <!-- module fancy heading -->\n    <div  id=\"fancy-heading-2-2-0-0\" class=\"module module-fancy-heading fancy-heading-2-2-0-0  \">\n        <!--insert-->\n        <h2 class=\"fancy-heading themify-text-center\">\n        <span class=\"main-head\">\u00dcber uns<\/span>\n        <span class=\"sub-head\">Das Restaurant<\/span>\n        <\/h2>\n    <\/div>\n    <!-- \/module fancy heading -->\n\n\n\n<!-- module text -->\n<div  id=\"text-2-2-0-1\" class=\"module module-text text-2-2-0-1  repeat  wow zoomIn \">\n    <!--insert-->\n    \n        <p>Unser Restaurant liegt in einem ruhigen Stadtteil von Hannover. Neben einer rustikalen Stube bieten wir in der Sommersaison auch einen Biergarten f\u00fcr unsere G\u00e4ste. Das ganze Jahr \u00fcber bieten wir Ihnen deutsche K\u00fcche und ein freundliches Personal, um Ihnen einen angenehmen Aufenthalt zu garantieren.<\/p>\n<p>Ihr Team vom Kamin<\/p>        <\/div>\n<!-- \/module text -->\n\n                        <\/div>\n                    \t\t<\/div>\n\t\t                                <\/div>\n                                <!-- \/row_inner -->\n                        <\/div>\n                        <!-- \/module_row -->\n\t\t\t\n\t\t<!-- module_row -->\n\t\t<div  data-anchor=\"saison\" class=\"themify_builder_row module_row clearfix builder-parallax-scrolling tb_section-saison module_row_3 themify_builder_2_row module_row_2-3\">\n\t\t\t<div class=\"builder_row_cover \"><\/div>\t\t\t<div class=\"row_inner col_align_top\" >\n                            \n\t\t<div  class=\"module_column tb-column col4-1 first tb_2_column module_column_0 module_column_2-3-0\" >\n                                        \t\t<\/div>\n\t\t\n\t\t<div  class=\"module_column tb-column col4-2 middle tb_2_column module_column_1 module_column_2-3-1 repeat\" >\n                                                                <div class=\"tb-column-inner\">\n                            \n\n<!-- module text -->\n<div  id=\"text-2-3-1-0\" class=\"module module-text text-2-3-1-0  repeat  \">\n    <!--insert-->\n    \n        <h2>Saisongerichte<\/h2>\n<p>Saisonbezogene Spezialit\u00e4ten aus unserem Hause.<\/p>        <\/div>\n<!-- \/module text -->\n\n\n\n    <!-- module buttons -->\n    <div  id=\"buttons-2-3-1-1\" class=\"module module-buttons buttons-2-3-1-1   wow fadeInUp\">\n        <!--insert-->\n        \n        <div class=\"module-buttons normal outline squared\">\n                            <div class=\"module-buttons-item  buttons-horizontal\">\n\t\t\t\t\t<a href=\"https:\/\/www.zumkamin-hannover.de\/?page_id=125\" class=\"ui builder_button yellow\" ><span>ZUM SAISONMEN\u00dc<\/span><\/a>                <\/div>\n                    <\/div>\n    <\/div>\n    <!-- \/module buttons -->\n\n                        <\/div>\n                    \t\t<\/div>\n\t\t\n\t\t<div  class=\"module_column tb-column col4-1 last tb_2_column module_column_2 module_column_2-3-2\" >\n                                        \t\t<\/div>\n\t\t                                <\/div>\n                                <!-- \/row_inner -->\n                        <\/div>\n                        <!-- \/module_row -->\n\t\t\t\n\t\t<!-- module_row -->\n\t\t<div  data-anchor=\"menu\" class=\"themify_builder_row module_row clearfix repeat tb_section-menu module_row_4 themify_builder_2_row module_row_2-4\">\n\t\t\t\t\t\t<div class=\"row_inner col_align_top\" >\n                            \n\t\t<div  class=\"module_column tb-column col-full first tb_2_column module_column_0 module_column_2-4-0\" >\n                                                                <div class=\"tb-column-inner\">\n                            \n\n    <!-- module fancy heading -->\n    <div  id=\"fancy-heading-2-4-0-0\" class=\"module module-fancy-heading fancy-heading-2-4-0-0  \">\n        <!--insert-->\n        <h2 class=\"fancy-heading themify-text-center\">\n        <span class=\"main-head\">Unsere Gerichte<\/span>\n        <span class=\"sub-head\">F\u00fcr Ihren Geschmack das richtige Men\u00fc.<\/span>\n        <\/h2>\n    <\/div>\n    <!-- \/module fancy heading -->\n\n\t\t<div class=\"themify_builder_sub_row module_subrow clearfix sub_row_4-0-1\">\n\t\t                    <div class=\"subrow_inner col_align_top\" >\n                                       <div  class=\"col3-1 sub_column module_column first sub_column_post_2 sub_column_4-0-1-0\"> \n                                                              <div class=\"tb-column-inner\">\n                            \n\n    <!-- module image -->\n    <div  id=\"image-2-sub_row_4-0-1-0-0\" class=\"module module-image image-2-sub_row_4-0-1-0-0  image-overlay  \">\n        <!--insert-->\n        \n        <div class=\"image-wrap\">\n                            <img loading=\"lazy\" decoding=\"async\" src=\"https:\/\/www.zumkamin-hannover.de\/wp-content\/uploads\/2020\/09\/beef-1239187_1920-1024x652-360x280.jpg\" width=\"360\" height=\"280\" class=\" wp-post-image wp-image-35\" title=\"Fleisch\" alt=\"Fleisch\" \/>            \n            \n                    <div class=\"image-content\">\n                                    <h3 class=\"image-title\">\n                                                    Fleisch                                            <\/h3>\n                \n                                <\/div>\n            <!-- \/image-content -->\n        \n                <\/div>\n        <!-- \/image-wrap -->\n        <\/div>\n    <!-- \/module image -->\n\n\n\n    <!-- module image -->\n    <div  id=\"image-2-sub_row_4-0-1-0-1\" class=\"module module-image image-2-sub_row_4-0-1-0-1  image-overlay  \">\n        <!--insert-->\n        \n        <div class=\"image-wrap\">\n                            <img loading=\"lazy\" decoding=\"async\" src=\"https:\/\/www.zumkamin-hannover.de\/wp-content\/uploads\/2020\/09\/food-3125098_1920-1024x768-360x280.jpg\" width=\"360\" height=\"280\" class=\" wp-post-image wp-image-28\" title=\"Klassiker\" alt=\"Klassiker\" \/>            \n            \n                    <div class=\"image-content\">\n                                    <h3 class=\"image-title\">\n                                                    Klassiker                                            <\/h3>\n                \n                                <\/div>\n            <!-- \/image-content -->\n        \n                <\/div>\n        <!-- \/image-wrap -->\n        <\/div>\n    <!-- \/module image -->\n\n                        <\/div>\n                                   <\/div>\n\t\t               <div  class=\"col3-1 sub_column module_column middle sub_column_post_2 sub_column_4-0-1-1\"> \n                                                              <div class=\"tb-column-inner\">\n                            \n\n    <!-- module image -->\n    <div  id=\"image-2-sub_row_4-0-1-1-0\" class=\"module module-image image-2-sub_row_4-0-1-1-0  image-overlay  \">\n        <!--insert-->\n        \n        <div class=\"image-wrap\">\n                            <img loading=\"lazy\" decoding=\"async\" src=\"https:\/\/www.zumkamin-hannover.de\/wp-content\/uploads\/2020\/09\/shrimp-2885050_1920-1024x576-360x280.jpg\" width=\"360\" height=\"280\" class=\" wp-post-image wp-image-26\" title=\"Fisch\" alt=\"Fisch\" \/>            \n            \n                    <div class=\"image-content\">\n                                    <h3 class=\"image-title\">\n                                                    Fisch                                            <\/h3>\n                \n                                <\/div>\n            <!-- \/image-content -->\n        \n                <\/div>\n        <!-- \/image-wrap -->\n        <\/div>\n    <!-- \/module image -->\n\n\n\n    <!-- module image -->\n    <div  id=\"image-2-sub_row_4-0-1-1-1\" class=\"module module-image image-2-sub_row_4-0-1-1-1  image-overlay  \">\n        <!--insert-->\n        \n        <div class=\"image-wrap\">\n                            <img loading=\"lazy\" decoding=\"async\" src=\"https:\/\/www.zumkamin-hannover.de\/wp-content\/uploads\/2020\/09\/salad-2098453_1920-1024x683-360x280.jpg\" width=\"360\" height=\"280\" class=\" wp-post-image wp-image-47\" title=\"Beilagen\" alt=\"Beilagen\" \/>            \n            \n                    <div class=\"image-content\">\n                                    <h3 class=\"image-title\">\n                                                    Beilagen                                            <\/h3>\n                \n                                <\/div>\n            <!-- \/image-content -->\n        \n                <\/div>\n        <!-- \/image-wrap -->\n        <\/div>\n    <!-- \/module image -->\n\n                        <\/div>\n                                   <\/div>\n\t\t               <div  class=\"col3-1 sub_column module_column last sub_column_post_2 sub_column_4-0-1-2\"> \n                                                              <div class=\"tb-column-inner\">\n                            \n\n    <!-- module image -->\n    <div  id=\"image-2-sub_row_4-0-1-2-0\" class=\"module module-image image-2-sub_row_4-0-1-2-0  image-overlay  \">\n        <!--insert-->\n        \n        <div class=\"image-wrap\">\n                            <img loading=\"lazy\" decoding=\"async\" src=\"https:\/\/www.zumkamin-hannover.de\/wp-content\/uploads\/2020\/09\/salad-122722_1920-1-1024x768-360x280.jpg\" width=\"360\" height=\"280\" class=\" wp-post-image wp-image-33\" title=\"Vorspeisen\" alt=\"Vorspeisen\" \/>            \n            \n                    <div class=\"image-content\">\n                                    <h3 class=\"image-title\">\n                                                    Vorspeisen                                            <\/h3>\n                \n                                <\/div>\n            <!-- \/image-content -->\n        \n                <\/div>\n        <!-- \/image-wrap -->\n        <\/div>\n    <!-- \/module image -->\n\n\n\n    <!-- module image -->\n    <div  id=\"image-2-sub_row_4-0-1-2-1\" class=\"module module-image image-2-sub_row_4-0-1-2-1  image-overlay  \">\n        <!--insert-->\n        \n        <div class=\"image-wrap\">\n                            <img loading=\"lazy\" decoding=\"async\" src=\"https:\/\/www.zumkamin-hannover.de\/wp-content\/uploads\/2020\/09\/wine-541922_1920-1024x678-360x280.jpg\" width=\"360\" height=\"280\" class=\" wp-post-image wp-image-48\" title=\"Spirituosen\" alt=\"Spirituosen\" \/>            \n            \n                    <div class=\"image-content\">\n                                    <h3 class=\"image-title\">\n                                                    Spirituosen                                            <\/h3>\n                \n                                <\/div>\n            <!-- \/image-content -->\n        \n                <\/div>\n        <!-- \/image-wrap -->\n        <\/div>\n    <!-- \/module image -->\n\n                        <\/div>\n                                   <\/div>\n\t\t                    <\/div>\n                <\/div><!-- \/themify_builder_sub_row -->\n                \n\n    <!-- module buttons -->\n    <div  id=\"buttons-2-4-0-2\" class=\"module module-buttons buttons-2-4-0-2   wow fadeInUp\">\n        <!--insert-->\n        \n        <div class=\"module-buttons normal outline squared\">\n                            <div class=\"module-buttons-item  buttons-horizontal\">\n\t\t\t\t\t<a href=\"https:\/\/www.zumkamin-hannover.de\/?page_id=52\" class=\"ui builder_button yellow\" ><span>ZUR SPEISEKARTE<\/span><\/a>                <\/div>\n                    <\/div>\n    <\/div>\n    <!-- \/module buttons -->\n\n                        <\/div>\n                    \t\t<\/div>\n\t\t                                <\/div>\n                                <!-- \/row_inner -->\n                        <\/div>\n                        <!-- \/module_row -->\n\t\t\t\n\t\t<!-- module_row -->\n\t\t<div  data-anchor=\"reservieren\" class=\"themify_builder_row module_row clearfix builder-parallax-scrolling tb_section-reservieren module_row_5 themify_builder_2_row module_row_2-5\">\n\t\t\t<div class=\"builder_row_cover \"><\/div>\t\t\t<div class=\"row_inner col_align_top\" >\n                            \n\t\t<div  class=\"module_column tb-column col-full first tb_2_column module_column_0 module_column_2-5-0\" >\n                                                                <div class=\"tb-column-inner\">\n                            \n\n<!-- module text -->\n<div  id=\"text-2-5-0-0\" class=\"module module-text text-2-5-0-0  repeat  \">\n    <!--insert-->\n    \n        <h2>RESERVIEREN<\/h2>        <\/div>\n<!-- \/module text -->\n\n\n\n    <!-- module divider -->\n    <div  id=\"divider-2-5-0-1\" class=\"module module-divider divider-2-5-0-1 solid   divider-custom divider-center\" style=\"2px;#ffffff;margin-top: 0px;margin-bottom: 40px;width:120px;\">\n        <!--insert-->\n            <\/div>\n    <!-- \/module divider -->\n\n\n\n<!-- module text -->\n<div  id=\"text-2-5-0-2\" class=\"module module-text text-2-5-0-2  repeat  wow fadeInDown \">\n    <!--insert-->\n    \n        <h5><em>Reservierungen bitte nur telefonisch unter:<br \/><\/em><\/h5>\n<h2>0511 \/ 320426<\/h2>        <\/div>\n<!-- \/module text -->\n\n                        <\/div>\n                    \t\t<\/div>\n\t\t                                <\/div>\n                                <!-- \/row_inner -->\n                        <\/div>\n                        <!-- \/module_row -->\n\t\t\t\n\t\t<!-- module_row -->\n\t\t<div  data-anchor=\"anfahrt\" class=\"themify_builder_row module_row clearfix repeat fullwidth tb_section-anfahrt module_row_6 themify_builder_2_row module_row_2-6\">\n\t\t\t\t\t\t<div class=\"row_inner col_align_top\" >\n                            \n\t\t<div  class=\"module_column tb-column col-full first tb_2_column module_column_0 module_column_2-6-0 repeat\" >\n                                        \t\t<\/div>\n\t\t                                <\/div>\n                                <!-- \/row_inner -->\n                        <\/div>\n                        <!-- \/module_row -->\n\t\t\t\n\t\t<!-- module_row -->\n\t\t<div  class=\"themify_builder_row module_row clearfix repeat module_row_7 themify_builder_2_row module_row_2-7\">\n\t\t\t\t\t\t<div class=\"row_inner col_align_middle\"   data-basecol=\"3\" data-col_tablet=\"tablet-full\">\n                            \n\t\t<div  class=\"module_column tb-column col3-1 first tb_2_column module_column_0 module_column_2-7-0\" >\n                                        \t\t<\/div>\n\t\t\n\t\t<div  class=\"module_column tb-column col3-1 middle tb_2_column module_column_1 module_column_2-7-1\" >\n                                                                <div class=\"tb-column-inner\">\n                            \n\n<!-- module text -->\n<div  id=\"text-2-7-1-0\" class=\"module module-text text-2-7-1-0  repeat  \">\n    <!--insert-->\n    \n        <p style=\"text-align: center;\">\u00a9 Zum Kamin Hannover 2026<\/p>        <\/div>\n<!-- \/module text -->\n\n\n\n<!-- module text -->\n<div  id=\"text-2-7-1-1\" class=\"module module-text text-2-7-1-1  repeat  \">\n    <!--insert-->\n    \n        <p style=\"text-align: center;\"><a href=\"https:\/\/www.zumkamin-hannover.de\/?page_id=149\">Impressum<\/a><\/p>        <\/div>\n<!-- \/module text -->\n\n                        <\/div>\n                    \t\t<\/div>\n\t\t\n\t\t<div  class=\"module_column tb-column col3-1 last tb_2_column module_column_2 module_column_2-7-2\" >\n                                        \t\t<\/div>\n\t\t                                <\/div>\n                                <!-- \/row_inner -->\n                        <\/div>\n                        <!-- \/module_row -->\n\t\t<\/div>\n","protected":false},"excerpt":{"rendered":"<p>Startseite \u00dcber uns Saisongerichte Speisekarte Reservierung Anfahrt Impressum Zum Kamin Hannover Arnswaldstra\u00dfe 27, 30159 Hannover 0511 \/ 320426 \u00d6ffnungszeiten: Montags &#8211; Freitags ab 16.00 ( April &#8211; September ) Montags &#8211; Samstags ab 16.00 ( Oktober &#8211; M\u00e4rz ) Sonn- und Feiertags geschlossen. START \u00dcber unsDas Restaurant Unser Restaurant liegt in einem ruhigen Stadtteil von [&hellip;]<\/p>\n","protected":false},"author":1,"featured_media":0,"parent":0,"menu_order":0,"comment_status":"closed","ping_status":"open","template":"","meta":{"footnotes":""},"class_list":["post-2","page","type-page","status-publish","hentry","has-post-title","has-post-date","has-post-category","has-post-tag","has-post-comment","has-post-author",""],"_links":{"self":[{"href":"https:\/\/www.zumkamin-hannover.de\/index.php?rest_route=\/wp\/v2\/pages\/2","targetHints":{"allow":["GET"]}}],"collection":[{"href":"https:\/\/www.zumkamin-hannover.de\/index.php?rest_route=\/wp\/v2\/pages"}],"about":[{"href":"https:\/\/www.zumkamin-hannover.de\/index.php?rest_route=\/wp\/v2\/types\/page"}],"author":[{"embeddable":true,"href":"https:\/\/www.zumkamin-hannover.de\/index.php?rest_route=\/wp\/v2\/users\/1"}],"replies":[{"embeddable":true,"href":"https:\/\/www.zumkamin-hannover.de\/index.php?rest_route=%2Fwp%2Fv2%2Fcomments&post=2"}],"version-history":[{"count":255,"href":"https:\/\/www.zumkamin-hannover.de\/index.php?rest_route=\/wp\/v2\/pages\/2\/revisions"}],"predecessor-version":[{"id":806,"href":"https:\/\/www.zumkamin-hannover.de\/index.php?rest_route=\/wp\/v2\/pages\/2\/revisions\/806"}],"wp:attachment":[{"href":"https:\/\/www.zumkamin-hannover.de\/index.php?rest_route=%2Fwp%2Fv2%2Fmedia&parent=2"}],"curies":[{"name":"wp","href":"https:\/\/api.w.org\/{rel}","templated":true}]}}